{"id":32,"date":"2026-02-25T08:04:57","date_gmt":"2026-02-25T08:04:57","guid":{"rendered":"https:\/\/www.poslitodal.cz\/?page_id=32"},"modified":"2026-02-25T19:16:27","modified_gmt":"2026-02-25T19:16:27","slug":"posli-to-dal-2","status":"publish","type":"page","link":"https:\/\/www.poslitodal.cz\/","title":{"rendered":"Po\u0161li to d\u00e1l."},"content":{"rendered":"\t\t<div data-elementor-type=\"wp-page\" data-elementor-id=\"32\" class=\"elementor elementor-32\" data-elementor-post-type=\"page\">\n\t\t\t\t<div class=\"elementor-element elementor-element-62e7577 e-flex e-con-boxed e-con e-parent\" data-id=\"62e7577\" data-element_type=\"container\" data-e-type=\"container\" data-settings=\"{&quot;background_background&quot;:&quot;slideshow&quot;,&quot;background_slideshow_gallery&quot;:[{&quot;id&quot;:38,&quot;url&quot;:&quot;http:\\\/\\\/www.poslitodal.cz\\\/wp-content\\\/uploads\\\/2026\\\/02\\\/Posli-to-dal.png&quot;}],&quot;background_slideshow_loop&quot;:&quot;yes&quot;,&quot;background_slideshow_slide_duration&quot;:5000,&quot;background_slideshow_slide_transition&quot;:&quot;fade&quot;,&quot;background_slideshow_transition_duration&quot;:500}\">\n\t\t\t\t\t<div class=\"e-con-inner\">\n\t\t<div class=\"elementor-element elementor-element-0399302 e-con-full e-flex e-con e-child\" data-id=\"0399302\" data-element_type=\"container\" data-e-type=\"container\">\n\t\t\t\t<div class=\"elementor-element elementor-element-d40c73d elementor-widget elementor-widget-image\" data-id=\"d40c73d\" data-element_type=\"widget\" data-e-type=\"widget\" data-widget_type=\"image.default\">\n\t\t\t\t\t\t\t\t\t\t\t\t\t\t\t<img fetchpriority=\"high\" decoding=\"async\" width=\"588\" height=\"217\" src=\"https:\/\/www.poslitodal.cz\/wp-content\/uploads\/2026\/02\/Nadpis-2.png\" class=\"attachment-large size-large wp-image-82\" alt=\"\" srcset=\"https:\/\/www.poslitodal.cz\/wp-content\/uploads\/2026\/02\/Nadpis-2.png 588w, https:\/\/www.poslitodal.cz\/wp-content\/uploads\/2026\/02\/Nadpis-2-300x111.png 300w\" sizes=\"(max-width: 588px) 100vw, 588px\" \/>\t\t\t\t\t\t\t\t\t\t\t\t\t\t\t<\/div>\n\t\t\t\t<div class=\"elementor-element elementor-element-f839826 elementor-widget elementor-widget-heading\" data-id=\"f839826\" data-element_type=\"widget\" data-e-type=\"widget\" data-widget_type=\"heading.default\">\n\t\t\t\t\t<h2 class=\"elementor-heading-title elementor-size-default\">Jedno dobr\u00e9 gesto m\u016f\u017ee zm\u011bnit sv\u011bt!<\/h2>\t\t\t\t<\/div>\n\t\t\t\t<\/div>\n\t\t<div class=\"elementor-element elementor-element-d50a557 e-con-full e-flex e-con e-child\" data-id=\"d50a557\" data-element_type=\"container\" data-e-type=\"container\" data-settings=\"{&quot;background_background&quot;:&quot;slideshow&quot;,&quot;background_slideshow_gallery&quot;:[],&quot;background_slideshow_slide_duration&quot;:5000,&quot;background_slideshow_slide_transition&quot;:&quot;fade&quot;,&quot;background_slideshow_transition_duration&quot;:500}\">\n\t\t\t\t<div class=\"elementor-element elementor-element-0a9b449 elementor-widget elementor-widget-video\" data-id=\"0a9b449\" data-element_type=\"widget\" data-e-type=\"widget\" data-settings=\"{&quot;video_type&quot;:&quot;hosted&quot;,&quot;controls&quot;:&quot;yes&quot;}\" data-widget_type=\"video.default\">\n\t\t\t\t\t\t\t<div class=\"e-hosted-video elementor-wrapper elementor-open-inline\">\n\t\t\t\t\t<video class=\"elementor-video\" src=\"http:\/\/www.poslitodal.cz\/wp-content\/uploads\/2026\/02\/Posli-to-dal.mp4\" controls=\"\" preload=\"metadata\" controlsList=\"nodownload\" poster=\"http:\/\/www.poslitodal.cz\/wp-content\/uploads\/2026\/02\/Posli-to-dal.jpg\"><\/video>\n\t\t\t\t<\/div>\n\t\t\t\t\t\t<\/div>\n\t\t\t\t<\/div>\n\t\t\t\t\t<\/div>\n\t\t\t\t<\/div>\n\t\t<div class=\"elementor-element elementor-element-8961df9 e-flex e-con-boxed e-con e-parent\" data-id=\"8961df9\" data-element_type=\"container\" data-e-type=\"container\" data-settings=\"{&quot;background_background&quot;:&quot;slideshow&quot;,&quot;background_slideshow_gallery&quot;:[{&quot;id&quot;:38,&quot;url&quot;:&quot;http:\\\/\\\/www.poslitodal.cz\\\/wp-content\\\/uploads\\\/2026\\\/02\\\/Posli-to-dal.png&quot;}],&quot;background_slideshow_loop&quot;:&quot;yes&quot;,&quot;background_slideshow_slide_duration&quot;:5000,&quot;background_slideshow_slide_transition&quot;:&quot;fade&quot;,&quot;background_slideshow_transition_duration&quot;:500}\">\n\t\t\t\t\t<div class=\"e-con-inner\">\n\t\t\t\t<div class=\"elementor-element elementor-element-bffb43f elementor-widget elementor-widget-text-editor\" data-id=\"bffb43f\" data-element_type=\"widget\" data-e-type=\"widget\" data-widget_type=\"text-editor.default\">\n\t\t\t\t\t\t\t\t\t<p><b>Co je Po\u0161li to d\u00e1l?<\/b><\/p><p>Projekt Po\u0161li to d\u00e1l vznikl na z\u00e1klad\u011b inspirace ze stejnojmenn\u00e9ho filmu, kter\u00fd ur\u010dit\u011b doporu\u010dujeme shl\u00e9dnout (angl. Pay it forward). Hlavn\u00ed my\u0161lenkou projektu je roz\u0161\u00ed\u0159it mezi ve\u0159ejnost, mezi lidi, mezi p\u0159\u00e1tele, zn\u00e1m\u00e9 i nezn\u00e1m\u00e9 bezpodm\u00edne\u010dnou pomoc. Takov\u00e1 pomoc neo\u010dek\u00e1v\u00e1 nic na opl\u00e1tku, je \u010dir\u00e1 a bez dal\u0161\u00edch o\u010dek\u00e1v\u00e1n\u00ed. Jde o pomoc jako takovou, ve sv\u00e9 ryz\u00ed podstat\u011b, o pomoc pramen\u00edc\u00ed z\u00a0hloubi srdce.<\/p><p>U\u017e se v\u00e1m n\u011bkdy stalo, \u017ee jste se ocitli v\u00a0situaci, kdy jste mohli nab\u00eddnout pomoc, m\u011bli jste v\u0161echny dostupn\u00e9 prost\u0159edky k\u00a0tomu, abyste pomoci mohli, a u\u010dinili jste tak? Je snadn\u00e9 poznat, \u017ee druh\u00e1 strana pot\u0159ebuje pomoci. Nen\u00ed na tom nic k\u00a0\u0159e\u0161en\u00ed, net\u0159eba o tom dlouhos\u00e1hle hloubat. P\u0159\u00edle\u017eitost pomoci pozn\u00e1 ka\u017ed\u00fd \u010dlov\u011bk, kter\u00fd je v\u011bdom\u00fd a zaj\u00edm\u00e1 se o sv\u00e9 okol\u00ed. \u00a0<\/p>\t\t\t\t\t\t\t\t<\/div>\n\t\t\t\t\t<\/div>\n\t\t\t\t<\/div>\n\t\t<div class=\"elementor-element elementor-element-b29600c e-flex e-con-boxed e-con e-parent\" data-id=\"b29600c\" data-element_type=\"container\" data-e-type=\"container\" data-settings=\"{&quot;background_background&quot;:&quot;slideshow&quot;,&quot;background_slideshow_gallery&quot;:[{&quot;id&quot;:38,&quot;url&quot;:&quot;http:\\\/\\\/www.poslitodal.cz\\\/wp-content\\\/uploads\\\/2026\\\/02\\\/Posli-to-dal.png&quot;}],&quot;background_slideshow_loop&quot;:&quot;yes&quot;,&quot;background_slideshow_slide_duration&quot;:5000,&quot;background_slideshow_slide_transition&quot;:&quot;fade&quot;,&quot;background_slideshow_transition_duration&quot;:500}\">\n\t\t\t\t\t<div class=\"e-con-inner\">\n\t\t\t\t<div class=\"elementor-element elementor-element-334676b elementor-widget elementor-widget-text-editor\" data-id=\"334676b\" data-element_type=\"widget\" data-e-type=\"widget\" data-widget_type=\"text-editor.default\">\n\t\t\t\t\t\t\t\t\t<p><b>Pro\u010d se anga\u017eovat v\u00a0projektu Po\u0161li to d\u00e1l?<\/b><\/p><p>Sv\u011bt je pln\u00fd lid\u00ed, a proto\u017ee lid\u00e9 jsou r\u016fzn\u00ed, existuje ve sv\u011bt\u011b dobro i zlo. V\u0161ichni lid\u00e9 jsou na cest\u011b k\u00a0lep\u0161\u00edm z\u00edt\u0159k\u016fm, k\u00a0na\u0161im lep\u0161\u00edm verz\u00edm sebe sama. Mnoho lid\u00ed je dobr\u00fdch, nejsou jimi v\u0161ak v\u0161ichni. A proto\u017ee dobro, l\u00e1ska a podpora jsou hodnoty, kter\u00e9 m\u00e1 smysl \u0161\u00ed\u0159it, mluvit o nich a \u010dinit v\u00a0jejich prosp\u011bch, na rozd\u00edl od zla a ne\u0159esti, vznik\u00e1 projekt #poslitodal. Tento projekt spojuje dobr\u00e9 bytosti, kter\u00fdm nen\u00ed jedno, co se d\u011bje ve sv\u011bt\u011b, kter\u00e9 cht\u011bj\u00ed p\u0159isp\u011bt v\u00edce, ne\u017e jen tro\u0161ku, a cht\u011bj\u00ed b\u00fdt pozitivn\u00edm p\u0159\u00edkladem pro ostatn\u00ed, inspirac\u00ed a vzorem.<\/p><p>B\u00fdt sou\u010d\u00e1st\u00ed projektu je velmi snadn\u00e9. Sta\u010d\u00ed, abyste pomohli. Jednou, dvakr\u00e1t, v\u00edckr\u00e1t, kolikr\u00e1t pom\u016f\u017eete, z\u00e1le\u017e\u00ed pouze na v\u00e1s. Pomoci druh\u00e9mu nen\u00ed slo\u017eit\u00e9, m\u016f\u017ee j\u00edt o naprostou drobnost, o n\u011bco, co v\u00e1s nemus\u00ed st\u00e1t mno\u017estv\u00ed energie, pen\u011bz nebo \u010dasu, ale druh\u00e9mu zm\u011bn\u00ed den, hodinu, minutu, vte\u0159inu nebo mo\u017en\u00e1 tak\u00e9 cel\u00fd \u017eivot. M\u016f\u017eete n\u011bkomu n\u011bco darovat, podat pomocnou ruku, b\u00fdt oporou, ud\u011blat n\u011bco za n\u011bj, zav\u00e9zt jej n\u011bkam, pohl\u00eddat d\u011bti, koupit n\u011bco, na co nem\u00e1, podpo\u0159it sb\u00edrku, kterou po\u0159\u00e1d\u00e1, neposlat mu fakturu za va\u0161e slu\u017eby, zvednout ho, kdy\u017e spadne, zastat se ho p\u0159ed ostatn\u00edmi. Mo\u017enost\u00ed a p\u0159\u00edle\u017eitost\u00ed je mnoho. Ka\u017ed\u00fdm sv\u00fdm \u010dinem, kter\u00fd ozna\u010d\u00edte #poslitodal, posilujete pov\u011bdom\u00ed o bezpodm\u00edne\u010dn\u00e9 pomoci a o tom, \u017ee \u010dlov\u011bk je v\u00edc ne\u017e jen bytost. \u010clov\u011bk je tv\u016frce, je duchovn\u00ed podstata, kter\u00e1 p\u0159esahuje hranice hmoty a materi\u00e1lna. \u010clov\u011bk m\u00e1 srdce a jako takov\u00fd m\u016f\u017ee m\u011bnit \u017eivoty druh\u00fdch k\u00a0lep\u0161\u00edmu, ke klidn\u011bj\u0161\u00edmu, k\u00a0dokonalej\u0161\u00edmu.<\/p>\t\t\t\t\t\t\t\t<\/div>\n\t\t\t\t\t<\/div>\n\t\t\t\t<\/div>\n\t\t<div class=\"elementor-element elementor-element-d358e25 e-flex e-con-boxed e-con e-parent\" data-id=\"d358e25\" data-element_type=\"container\" data-e-type=\"container\" data-settings=\"{&quot;background_background&quot;:&quot;slideshow&quot;,&quot;background_slideshow_gallery&quot;:[{&quot;id&quot;:38,&quot;url&quot;:&quot;http:\\\/\\\/www.poslitodal.cz\\\/wp-content\\\/uploads\\\/2026\\\/02\\\/Posli-to-dal.png&quot;}],&quot;background_slideshow_loop&quot;:&quot;yes&quot;,&quot;background_slideshow_slide_duration&quot;:5000,&quot;background_slideshow_slide_transition&quot;:&quot;fade&quot;,&quot;background_slideshow_transition_duration&quot;:500}\">\n\t\t\t\t\t<div class=\"e-con-inner\">\n\t\t\t\t<div class=\"elementor-element elementor-element-8567e20 elementor-widget elementor-widget-text-editor\" data-id=\"8567e20\" data-element_type=\"widget\" data-e-type=\"widget\" data-widget_type=\"text-editor.default\">\n\t\t\t\t\t\t\t\t\t<p><b>Jak se zapojit?<\/b><\/p><p>Jednodu\u0161e. Pomozte a dejte o tom v\u011bd\u011bt sv\u011btu. Neost\u00fdchejte se ozna\u010dit svoji pomoc hashtagem #poslitodal nebo n\u00e1m napi\u0161te p\u0159\u00edb\u011bh o sv\u00e9 pomoci na\u00a0<a href=\"mailto:ahoj@poslitodal.cz\" target=\"_blank\" rel=\"noopener\">ahoj@poslitodal.cz<\/a>. To sam\u00e9 plat\u00ed, pokud jste p\u0159\u00edjemcem pomoci \u2013 pokud n\u011bkdo pomohl v\u00e1m a jednalo se o skute\u010dnou pomoc, kter\u00e1 ud\u011blala zm\u011bnu ve va\u0161em \u017eivot\u011b. Tato zm\u011bna nemus\u00ed b\u00fdt pouze neobvykl\u00e9ho charakteru, m\u016f\u017ee se jednat o zm\u011bnu v\u00a0n\u00e1lad\u011b, o posun v\u00a0my\u0161len\u00ed nebo o z\u00edskanou radost \u010di inspiraci od n\u011bkoho jin\u00e9ho. Sepi\u0161te tento p\u0159\u00edb\u011bh a ozna\u010dte ho #poslitodal. Ud\u011blal pro v\u00e1s n\u011bkdo druh\u00fd n\u011bco speci\u00e1ln\u00edho? N\u011bco, co jste ne\u010dekali? N\u011bco, co v\u00e1m zlep\u0161ilo den nebo pomohlo zvl\u00e1dnout ur\u010ditou situaci? Dejte n\u00e1m o tom v\u011bd\u011bt na v\u00fd\u0161e uveden\u00fd email.<\/p>\t\t\t\t\t\t\t\t<\/div>\n\t\t\t\t\t<\/div>\n\t\t\t\t<\/div>\n\t\t<div class=\"elementor-element elementor-element-2d1e8d0 e-flex e-con-boxed e-con e-parent\" data-id=\"2d1e8d0\" data-element_type=\"container\" data-e-type=\"container\" data-settings=\"{&quot;background_background&quot;:&quot;slideshow&quot;,&quot;background_slideshow_gallery&quot;:[{&quot;id&quot;:38,&quot;url&quot;:&quot;http:\\\/\\\/www.poslitodal.cz\\\/wp-content\\\/uploads\\\/2026\\\/02\\\/Posli-to-dal.png&quot;}],&quot;background_slideshow_loop&quot;:&quot;yes&quot;,&quot;background_slideshow_slide_duration&quot;:5000,&quot;background_slideshow_slide_transition&quot;:&quot;fade&quot;,&quot;background_slideshow_transition_duration&quot;:500}\">\n\t\t\t\t\t<div class=\"e-con-inner\">\n\t\t\t\t<div class=\"elementor-element elementor-element-681d841 elementor-widget elementor-widget-text-editor\" data-id=\"681d841\" data-element_type=\"widget\" data-e-type=\"widget\" data-widget_type=\"text-editor.default\">\n\t\t\t\t\t\t\t\t\t<p><b>D\u016fle\u017eit\u00e1 uv\u011bdom\u011bn\u00ed<\/b><\/p><p>V\u00a0projektu #poslitodal m\u016f\u017eete st\u00e1t jak na stran\u011b p\u0159\u00edjemce (pomoci), tak na stran\u011b d\u00e1rce. Jako p\u0159\u00edjemce je t\u0159eba si uv\u011bdomit, \u017ee dok\u00e1zat p\u0159ijmout pomoc je n\u011bkdy tak\u00e9 um\u011bn\u00ed. Mnoz\u00ed maj\u00ed pocit, \u017ee m\u00e1 smysl sv\u011btem kr\u00e1\u010det pouze jako nez\u00e1visl\u00e9 jednotky bez pot\u0159eby a nutnosti v\u00e1zat \u010di spol\u00e9hat se na n\u011bkoho dal\u0161\u00edho. Jako takov\u00ed tvr\u010f\u00e1ci mohou m\u00edt trable s\u00a0t\u00edm nechat si pomoci, kdy\u017e na to p\u0159ijde. Nau\u010dte se p\u0159ij\u00edmat pomoc a nec\u00edtit se p\u0159i tom m\u00e9n\u011bcenn\u00ed, neschopn\u00ed nebo zav\u00e1zan\u00ed druh\u00e9 stran\u011b. Zkuste d\u016fv\u011b\u0159ovat a otev\u0159\u00edt srdce. Pomoc ve form\u011b #poslitodal na v\u00e1s neklade podm\u00ednky, nesvazuje v\u00e1s do kazajky a nediktuje v\u00e1m, jak se m\u00e1te chovat d\u00e1l. Dejte j\u00ed \u0161anci, a\u0165 m\u016f\u017ee proz\u00e1\u0159it v\u00e1\u0161 sv\u011bt.<\/p><p>Jako p\u0159\u00edjemce pomoci se n\u00e1sledn\u011b nesna\u017ete b\u00fdt p\u0159ehnan\u011b aktivn\u00ed v\u00a0tom, abyste tak\u00e9 n\u011bkomu \u201ena opl\u00e1tku\u201c pomohli. Nechte \u017eivot, a\u0165 se d\u011bje, a pozorujte ho. Jist\u011b se n\u011bkdy ocitnete v\u00a0situaci, kdy budete moci pomoc poslat d\u00e1l pr\u00e1v\u011b vy.<\/p><p>A role d\u00e1rce je pr\u00e1v\u011b o tomto \u2013 nejde o n\u00e1bor, urputn\u00e9 hled\u00e1n\u00ed p\u0159\u00edle\u017eitost\u00ed a l\u00e1m\u00e1n\u00ed p\u0159es koleno. Jde o otev\u0159en\u00e9 o\u010di a srdce a \u017eivot v\u00a0p\u0159\u00edtomnosti, kter\u00fd otev\u00edr\u00e1 dve\u0159e p\u0159\u00edle\u017eitostem. Sta\u010d\u00ed \u017e\u00edt v\u00a0souladu se sv\u00fdm nejlep\u0161\u00edm v\u011bdom\u00edm a sv\u011bdom\u00edm a jist\u011b objev\u00edte situace, kdy bude pr\u00e1v\u011b va\u0161e pomocn\u00e1 ruka tou pot\u0159ebnou.<\/p>\t\t\t\t\t\t\t\t<\/div>\n\t\t\t\t\t<\/div>\n\t\t\t\t<\/div>\n\t\t<div class=\"elementor-element elementor-element-4e325a0 e-flex e-con-boxed e-con e-parent\" data-id=\"4e325a0\" data-element_type=\"container\" data-e-type=\"container\" data-settings=\"{&quot;background_background&quot;:&quot;slideshow&quot;,&quot;background_slideshow_gallery&quot;:[{&quot;id&quot;:38,&quot;url&quot;:&quot;http:\\\/\\\/www.poslitodal.cz\\\/wp-content\\\/uploads\\\/2026\\\/02\\\/Posli-to-dal.png&quot;}],&quot;background_slideshow_loop&quot;:&quot;yes&quot;,&quot;background_slideshow_slide_duration&quot;:5000,&quot;background_slideshow_slide_transition&quot;:&quot;fade&quot;,&quot;background_slideshow_transition_duration&quot;:500}\">\n\t\t\t\t\t<div class=\"e-con-inner\">\n\t\t\t\t<div class=\"elementor-element elementor-element-593b273 elementor-widget elementor-widget-text-editor\" data-id=\"593b273\" data-element_type=\"widget\" data-e-type=\"widget\" data-widget_type=\"text-editor.default\">\n\t\t\t\t\t\t\t\t\t<p><b>Jak projekt funguje<\/b><\/p><p>O pomoci se \u010dasto nemluv\u00ed. Kdy\u017e u\u017e, pak pouze z\u00a0role p\u0159\u00edjemce. Hovo\u0159it o pomoci z\u00a0role d\u00e1rce m\u016f\u017ee na prvn\u00ed dobrou p\u016fsobit nabub\u0159ele nebo chv\u00e1stav\u011b. Ve filmu Po\u0161li to d\u00e1l v\u0161ak pomoc takto prezentov\u00e1na nen\u00ed. N\u00e1\u0161 projekt m\u00e1 za c\u00edl ve\u0159ejn\u011b vyzdvihnout d\u016fle\u017eitost pomoci a respektovat pravidla #poslitodal p\u0159edstaven\u00e1 ve filmu.<\/p><p>Toto pravidlo je ve skute\u010dnosti jedno jedin\u00e9. Pokud jsi p\u0159\u00edjemcem pomoci od n\u011bkoho druh\u00e9ho, je tv\u00fdm \u00fakolem \u010di mo\u017en\u00e1 a\u017e z\u00e1vazkem, samoz\u0159ejm\u011b pouze tehdy, chce\u0161-li s\u00e1m dobrovoln\u011b, pomoci dal\u0161\u00edm t\u0159em lidem. Ka\u017edou tuto pomoc je v\u0161ak pot\u0159eba ozna\u010dit #poslitodal, a to bu\u010f \u00fastn\u011b mezi Tebou a osobou, kter\u00e9 jsi pomohl, nebo hashtagem \u010di emailov\u00fdm p\u0159\u00edb\u011bhem, kter\u00fd n\u00e1m za\u0161le\u0161. Pr\u00e1v\u011b d\u00edky ozna\u010den\u00ed pomoci m\u00e1 my\u0161lenka projektu mo\u017enost se (roz)\u0161\u00ed\u0159it a zm\u011bnit my\u0161len\u00ed jednotlivc\u016f, komunit, m\u011bst a t\u0159eba i cel\u00fdch zem\u00ed. Pokud j\u00e1 pomohu t\u0159em lidem a d\u00e1m jim v\u011bd\u011bt o tom, \u017ee i oni mohou pomoci dal\u0161\u00edm t\u0159em lidem (v neomezen\u00e9m \u010dasov\u00e9m rozmez\u00ed, nez\u00e1visle na tom, komu a jak, prost\u011b pomoci, kdy\u017e a pokud na to p\u0159ijde), jsme na dvan\u00e1cti lidech, kte\u0159\u00ed \u0161\u00ed\u0159\u00ed dobro. Pokud tyto po\u010dty p\u016fjdou d\u00e1l, nen\u00ed slo\u017eit\u00e9 si domyslet, jak\u00fd efekt m\u016f\u017ee moje rozhodnut\u00ed v\u00a0tom pomoci a tuto pomoc ozna\u010dit (t\u00edm informovat ostatn\u00ed, \u017ee mohou tak\u00e9 pomoci) m\u00edt \u2026<\/p><p>P\u0159\u00edb\u011bhy, kter\u00e9 n\u00e1m po\u0161lete emailem, budeme po domluv\u011b s\u00a0v\u00e1mi (p\u0159\u00edp. s\u00a0pozm\u011bn\u011bn\u00fdmi jm\u00e9ny, m\u00edsty a dal\u0161\u00edmi fakty) ve\u0159ejn\u011b sd\u00edlet, aby si lid\u00e9 mohli ud\u011blat lep\u0161\u00ed a konkr\u00e9tn\u011bj\u0161\u00ed obr\u00e1zek o tom, jak m\u016f\u017ee pomoc vypadat a jak mohou i oni p\u0159isp\u011bt k\u00a0lep\u0161\u00edmu sv\u011btu.<\/p>\t\t\t\t\t\t\t\t<\/div>\n\t\t\t\t\t<\/div>\n\t\t\t\t<\/div>\n\t\t\t\t<\/div>\n\t\t","protected":false},"excerpt":{"rendered":"<p>Jedno dobr\u00e9 gesto m\u016f\u017ee zm\u011bnit sv\u011bt! http:\/\/www.poslitodal.cz\/wp-content\/uploads\/2026\/02\/Posli-to-dal.mp4 Co je Po\u0161li to d\u00e1l? Projekt Po\u0161li to d\u00e1l vznikl na z\u00e1klad\u011b inspirace ze stejnojmenn\u00e9ho filmu, kter\u00fd ur\u010dit\u011b doporu\u010dujeme shl\u00e9dnout (angl. Pay it forward). Hlavn\u00ed my\u0161lenkou projektu je roz\u0161\u00ed\u0159it mezi ve\u0159ejnost, mezi lidi, mezi p\u0159\u00e1tele, zn\u00e1m\u00e9 i nezn\u00e1m\u00e9 bezpodm\u00edne\u010dnou pomoc. Takov\u00e1 pomoc neo\u010dek\u00e1v\u00e1 nic na opl\u00e1tku, je \u010dir\u00e1 [&hellip;]<\/p>\n","protected":false},"author":1,"featured_media":8,"parent":0,"menu_order":0,"comment_status":"closed","ping_status":"closed","template":"elementor_canvas","meta":{"footnotes":""},"class_list":["post-32","page","type-page","status-publish","has-post-thumbnail","hentry"],"_links":{"self":[{"href":"https:\/\/www.poslitodal.cz\/index.php?rest_route=\/wp\/v2\/pages\/32","targetHints":{"allow":["GET"]}}],"collection":[{"href":"https:\/\/www.poslitodal.cz\/index.php?rest_route=\/wp\/v2\/pages"}],"about":[{"href":"https:\/\/www.poslitodal.cz\/index.php?rest_route=\/wp\/v2\/types\/page"}],"author":[{"embeddable":true,"href":"https:\/\/www.poslitodal.cz\/index.php?rest_route=\/wp\/v2\/users\/1"}],"replies":[{"embeddable":true,"href":"https:\/\/www.poslitodal.cz\/index.php?rest_route=%2Fwp%2Fv2%2Fcomments&post=32"}],"version-history":[{"count":73,"href":"https:\/\/www.poslitodal.cz\/index.php?rest_route=\/wp\/v2\/pages\/32\/revisions"}],"predecessor-version":[{"id":135,"href":"https:\/\/www.poslitodal.cz\/index.php?rest_route=\/wp\/v2\/pages\/32\/revisions\/135"}],"wp:featuredmedia":[{"embeddable":true,"href":"https:\/\/www.poslitodal.cz\/index.php?rest_route=\/wp\/v2\/media\/8"}],"wp:attachment":[{"href":"https:\/\/www.poslitodal.cz\/index.php?rest_route=%2Fwp%2Fv2%2Fmedia&parent=32"}],"curies":[{"name":"wp","href":"https:\/\/api.w.org\/{rel}","templated":true}]}}